{"id":343,"date":"2025-01-21T16:09:29","date_gmt":"2025-01-21T15:09:29","guid":{"rendered":"https:\/\/lerestodesamis.be\/resto-des-amis-wine-list\/"},"modified":"2025-01-30T16:20:22","modified_gmt":"2025-01-30T15:20:22","slug":"resto-des-amis-wine-list","status":"publish","type":"page","link":"https:\/\/lerestodesamis.be\/en\/resto-des-amis-wine-list\/","title":{"rendered":"Rest&#8217;O des amis wine list"},"content":{"rendered":"\t\t<div data-elementor-type=\"wp-page\" data-elementor-id=\"343\" class=\"elementor elementor-343 elementor-320\" data-elementor-post-type=\"page\">\n\t\t\t\t<div class=\"elementor-element elementor-element-bd5e3e9 e-flex e-con-boxed e-con e-parent\" data-id=\"bd5e3e9\" data-element_type=\"container\" data-e-type=\"container\">\n\t\t\t\t\t<div class=\"e-con-inner\">\n\t\t\t\t<div class=\"elementor-element elementor-element-97b045a elementor-widget elementor-widget-heading\" data-id=\"97b045a\" data-element_type=\"widget\" data-e-type=\"widget\" data-widget_type=\"heading.default\">\n\t\t\t\t<div class=\"elementor-widget-container\">\n\t\t\t\t\t<h1 class=\"elementor-heading-title elementor-size-default\">Rest&#8217;O des amis wine list<\/h1>\t\t\t\t<\/div>\n\t\t\t\t<\/div>\n\t\t\t\t<div class=\"elementor-element elementor-element-757c08b elementor-widget elementor-widget-heading\" data-id=\"757c08b\" data-element_type=\"widget\" data-e-type=\"widget\" data-widget_type=\"heading.default\">\n\t\t\t\t<div class=\"elementor-widget-container\">\n\t\t\t\t\t<h2 class=\"elementor-heading-title elementor-size-default\">Champagne<\/h2>\t\t\t\t<\/div>\n\t\t\t\t<\/div>\n\t\t\t\t<div class=\"elementor-element elementor-element-56c8816 elementor-widget elementor-widget-heading\" data-id=\"56c8816\" data-element_type=\"widget\" data-e-type=\"widget\" data-widget_type=\"heading.default\">\n\t\t\t\t<div class=\"elementor-widget-container\">\n\t\t\t\t\t<h3 class=\"elementor-heading-title elementor-size-default\">Fine bubbles<\/h3>\t\t\t\t<\/div>\n\t\t\t\t<\/div>\n\t\t\t\t<div class=\"elementor-element elementor-element-cc0f15d elementor-widget elementor-widget-image\" data-id=\"cc0f15d\" data-element_type=\"widget\" data-e-type=\"widget\" data-widget_type=\"image.default\">\n\t\t\t\t<div class=\"elementor-widget-container\">\n\t\t\t\t\t\t\t\t\t\t\t\t\t\t\t<img decoding=\"async\" width=\"223\" height=\"8\" src=\"https:\/\/lerestodesamis.be\/wp-content\/uploads\/2024\/09\/resto-des-amis-restaurant-brasserie-spa-picto-04.svg\" class=\"attachment-large size-large wp-image-235\" alt=\"\" \/>\t\t\t\t\t\t\t\t\t\t\t\t\t\t\t<\/div>\n\t\t\t\t<\/div>\n\t\t\t\t<div class=\"elementor-element elementor-element-a3b1327 elementor-widget elementor-widget-text-editor\" data-id=\"a3b1327\" data-element_type=\"widget\" data-e-type=\"widget\" data-widget_type=\"text-editor.default\">\n\t\t\t\t<div class=\"elementor-widget-container\">\n\t\t\t\t\t\t\t\t\t<table>\n<tbody>\n<tr>\n<td width=\"75%\">Champagne Brut Majeure Alaya<\/td>\n<td>79,00\u20ac<\/td>\n<\/tr>\n<\/tbody>\n<\/table>\n\t\t\t\t\t\t\t\t<\/div>\n\t\t\t\t<\/div>\n\t\t\t\t<div class=\"elementor-element elementor-element-05046ca elementor-widget elementor-widget-heading\" data-id=\"05046ca\" data-element_type=\"widget\" data-e-type=\"widget\" data-widget_type=\"heading.default\">\n\t\t\t\t<div class=\"elementor-widget-container\">\n\t\t\t\t\t<h2 class=\"elementor-heading-title elementor-size-default\">Wines<\/h2>\t\t\t\t<\/div>\n\t\t\t\t<\/div>\n\t\t\t\t<div class=\"elementor-element elementor-element-031606d elementor-widget elementor-widget-heading\" data-id=\"031606d\" data-element_type=\"widget\" data-e-type=\"widget\" data-widget_type=\"heading.default\">\n\t\t\t\t<div class=\"elementor-widget-container\">\n\t\t\t\t\t<h3 class=\"elementor-heading-title elementor-size-default\">The Whites<\/h3>\t\t\t\t<\/div>\n\t\t\t\t<\/div>\n\t\t\t\t<div class=\"elementor-element elementor-element-233ea70 elementor-widget elementor-widget-image\" data-id=\"233ea70\" data-element_type=\"widget\" data-e-type=\"widget\" data-widget_type=\"image.default\">\n\t\t\t\t<div class=\"elementor-widget-container\">\n\t\t\t\t\t\t\t\t\t\t\t\t\t\t\t<img decoding=\"async\" width=\"223\" height=\"8\" src=\"https:\/\/lerestodesamis.be\/wp-content\/uploads\/2024\/09\/resto-des-amis-restaurant-brasserie-spa-picto-04.svg\" class=\"attachment-large size-large wp-image-235\" alt=\"\" \/>\t\t\t\t\t\t\t\t\t\t\t\t\t\t\t<\/div>\n\t\t\t\t<\/div>\n\t\t\t\t<div class=\"elementor-element elementor-element-51d600e elementor-widget elementor-widget-text-editor\" data-id=\"51d600e\" data-element_type=\"widget\" data-e-type=\"widget\" data-widget_type=\"text-editor.default\">\n\t\t\t\t<div class=\"elementor-widget-container\">\n\t\t\t\t\t\t\t\t\t<table>\n<tbody>\n<tr>\n<td width=\"75%\">Languedoc. Viognier Elisabeth Domaine de la Baume <\/td>\n<td>27,00\u20ac<\/td>\n<\/tr>\n<tr>\n<td>Bordeaux, Terroir de Bordeaux Sup\u00e9rieur Bio Ch\u00e2teau Lamothe Barrou<\/td>\n<td>27,00\u20ac<\/td>\n<\/tr>\n<tr>\n<td>Loire, Cheverny Domaine les Martines<\/td>\n<td>29,00\u20ac<\/td>\n<\/tr>\n<tr>\n<td>Alsace, Pinot Gris Domaine Henri Kieffer<\/td>\n<td>29,00\u20ac<\/td>\n<\/tr>\n<tr>\n<td>37.5 Cl<\/td>\n<td>17,00\u20ac<\/td>\n<\/tr>\n<tr>\n<td>Bourgogne, Macon Fuiss\u00e9 Domaine Fussiacus<\/td>\n<td>39,00\u20ac<\/td>\n<\/tr>\n<tr>\n<td>37.5 Cl<\/td>\n<td>22,00\u20ac<\/td>\n<\/tr>\n<tr>\n<td>Bourgogne, Chablis Domaine Fourrey &amp; Fils<\/td>\n<td>49,00\u20ac<\/td>\n<\/tr>\n<tr>\n<td>La V\u00e9n\u00e9tie, Le Manzane Pinot Grigio DOC<\/td>\n<td>27,00\u20ac<\/td>\n<\/tr>\n<tr>\n<td>La Toscane, Vemaccio Di San Gimigniono DOCG Rocca Delle Macie<\/td>\n<td>29,00\u20ac<\/td>\n<\/tr>\n<\/tbody>\n<\/table>\n\t\t\t\t\t\t\t\t<\/div>\n\t\t\t\t<\/div>\n\t\t\t\t<div class=\"elementor-element elementor-element-cf518d7 elementor-widget elementor-widget-heading\" data-id=\"cf518d7\" data-element_type=\"widget\" data-e-type=\"widget\" data-widget_type=\"heading.default\">\n\t\t\t\t<div class=\"elementor-widget-container\">\n\t\t\t\t\t<h3 class=\"elementor-heading-title elementor-size-default\">Ros\u00e9 wines<\/h3>\t\t\t\t<\/div>\n\t\t\t\t<\/div>\n\t\t\t\t<div class=\"elementor-element elementor-element-45606bb elementor-widget elementor-widget-image\" data-id=\"45606bb\" data-element_type=\"widget\" data-e-type=\"widget\" data-widget_type=\"image.default\">\n\t\t\t\t<div class=\"elementor-widget-container\">\n\t\t\t\t\t\t\t\t\t\t\t\t\t\t\t<img decoding=\"async\" width=\"223\" height=\"8\" src=\"https:\/\/lerestodesamis.be\/wp-content\/uploads\/2024\/09\/resto-des-amis-restaurant-brasserie-spa-picto-04.svg\" class=\"attachment-large size-large wp-image-235\" alt=\"\" \/>\t\t\t\t\t\t\t\t\t\t\t\t\t\t\t<\/div>\n\t\t\t\t<\/div>\n\t\t\t\t<div class=\"elementor-element elementor-element-253f255 elementor-widget elementor-widget-text-editor\" data-id=\"253f255\" data-element_type=\"widget\" data-e-type=\"widget\" data-widget_type=\"text-editor.default\">\n\t\t\t\t<div class=\"elementor-widget-container\">\n\t\t\t\t\t\t\t\t\t<table>\n<tbody>\n<tr>\n<td width=\"75%\">C\u00f4tes de Provence Henri&nbsp;Gaillard<\/td><td>27,00\u20ac<\/td>\n<\/tr>\n<tr>\n<td>Languedoc, Pinot&nbsp;Noir &#8220;Les&nbsp;Vignes d&#8217;H\u00e9lo\u00efse&#8221; Domaine&nbsp;de&nbsp;la&nbsp;Baume<\/td>\n<td>27,00\u20ac<\/td>\n<\/tr>\n<\/tbody>\n<\/table>\t\t\t\t\t\t\t\t<\/div>\n\t\t\t\t<\/div>\n\t\t\t\t<div class=\"elementor-element elementor-element-545f866 elementor-widget elementor-widget-heading\" data-id=\"545f866\" data-element_type=\"widget\" data-e-type=\"widget\" data-widget_type=\"heading.default\">\n\t\t\t\t<div class=\"elementor-widget-container\">\n\t\t\t\t\t<h3 class=\"elementor-heading-title elementor-size-default\">The Reds<\/h3>\t\t\t\t<\/div>\n\t\t\t\t<\/div>\n\t\t\t\t<div class=\"elementor-element elementor-element-a89c31b elementor-widget elementor-widget-image\" data-id=\"a89c31b\" data-element_type=\"widget\" data-e-type=\"widget\" data-widget_type=\"image.default\">\n\t\t\t\t<div class=\"elementor-widget-container\">\n\t\t\t\t\t\t\t\t\t\t\t\t\t\t\t<img decoding=\"async\" width=\"223\" height=\"8\" src=\"https:\/\/lerestodesamis.be\/wp-content\/uploads\/2024\/09\/resto-des-amis-restaurant-brasserie-spa-picto-04.svg\" class=\"attachment-large size-large wp-image-235\" alt=\"\" \/>\t\t\t\t\t\t\t\t\t\t\t\t\t\t\t<\/div>\n\t\t\t\t<\/div>\n\t\t\t\t<div class=\"elementor-element elementor-element-6b43b92 elementor-widget elementor-widget-text-editor\" data-id=\"6b43b92\" data-element_type=\"widget\" data-e-type=\"widget\" data-widget_type=\"text-editor.default\">\n\t\t\t\t<div class=\"elementor-widget-container\">\n\t\t\t\t\t\t\t\t\t<table>\n<tbody>\n<tr>\n<td width=\"75%\">Languedoc, I.G.P. Cabernet Syroh. \u00e9lev\u00e9 en f\u00fbt de ch\u00eane, J. de la Ronceraie <\/td>\n<td>27,00\u20ac<\/td>\n<\/tr>\n<tr>\n<td>Bordeaux Sup\u00e9rieur Bio Ch\u00e2teau Lamothe Barrou<\/td>\n<td>27,00\u20ac<\/td>\n<\/tr>\n<tr>\n<td>37.5 Cl<\/td>\n<td>16,00\u20ac<\/td>\n<\/tr>\n<tr>\n<td>Bordeaux.<span style=\"font-size: 26.1px;\"> <\/span>Lussac<span style=\"font-size: 26.1px;\"> <\/span>Saint Emilion Ch\u00e2teau Haut Jomord<\/td>\n<td>36,00\u20ac<\/td>\n<\/tr>\n<tr>\n<td>50 Cl<\/td>\n<td>27,00\u20ac<\/td>\n<\/tr>\n<tr>\n<td>Loire, Saint Nicolas de Bourgueil cuv\u00e9e les Echaliers<\/td>\n<td>29,00\u20ac<\/td>\n<\/tr>\n<tr>\n<td>37.5 Cl<\/td>\n<td>17,00\u20ac<\/td>\n<\/tr>\n<tr>\n<td>Alsace. Pinot Noir, Vinifi\u00e9 en Rouge. Domaine Henri Kieff er  <\/td>\n<td>29,00\u20ac<\/td>\n<\/tr>\n<tr>\n<td>37.5 Cl<\/td>\n<td>17,00\u20ac<\/td>\n<\/tr>\n<tr>\n<td>Cru du Rh\u00f4ne. Vacqueyras Cuv\u00e9e Tradition Bio Domaine le Colombier <\/td>\n<td>39,00\u20ac<\/td>\n<\/tr>\n<tr>\n<td>La V\u00e9n\u00e9tie. Amarone Acinatico Stefano Accordini DOC <\/td>\n<td>69,00\u20ac<\/td>\n<\/tr>\n<tr>\n<td>Les Pouilles. I.G.T. Salento Punta Aauila Primitivo Tenute Rubino <\/td>\n<td>39,00\u20ac<\/td>\n<\/tr>\n<tr>\n<td>37.5 Cl<\/td>\n<td>24,00\u20ac<\/td>\n<\/tr>\n<\/tbody>\n<\/table>\n\t\t\t\t\t\t\t\t<\/div>\n\t\t\t\t<\/div>\n\t\t\t\t<div class=\"elementor-element elementor-element-91bedea elementor-widget elementor-widget-heading\" data-id=\"91bedea\" data-element_type=\"widget\" data-e-type=\"widget\" data-widget_type=\"heading.default\">\n\t\t\t\t<div class=\"elementor-widget-container\">\n\t\t\t\t\t<h3 class=\"elementor-heading-title elementor-size-default\">The Boss's Fine Bottled Selection<\/h3>\t\t\t\t<\/div>\n\t\t\t\t<\/div>\n\t\t\t\t<div class=\"elementor-element elementor-element-e539323 elementor-widget elementor-widget-image\" data-id=\"e539323\" data-element_type=\"widget\" data-e-type=\"widget\" data-widget_type=\"image.default\">\n\t\t\t\t<div class=\"elementor-widget-container\">\n\t\t\t\t\t\t\t\t\t\t\t\t\t\t\t<img decoding=\"async\" width=\"223\" height=\"8\" src=\"https:\/\/lerestodesamis.be\/wp-content\/uploads\/2024\/09\/resto-des-amis-restaurant-brasserie-spa-picto-04.svg\" class=\"attachment-large size-large wp-image-235\" alt=\"\" \/>\t\t\t\t\t\t\t\t\t\t\t\t\t\t\t<\/div>\n\t\t\t\t<\/div>\n\t\t\t\t<div class=\"elementor-element elementor-element-8bb357f elementor-widget elementor-widget-text-editor\" data-id=\"8bb357f\" data-element_type=\"widget\" data-e-type=\"widget\" data-widget_type=\"text-editor.default\">\n\t\t\t\t<div class=\"elementor-widget-container\">\n\t\t\t\t\t\t\t\t\t<p>Blanc: Languedoc. V.D.F. Chardonnay\u00ab Bois\u00e9\u00bb Les Tamarins<br>Blanc: Sud Ouest. C\u00f4tes de Bergerac Moelleux Domaine Le Haut Pais<br>Ros\u00e9: La V\u00e9n\u00e9tie. Cielo Pinot Grigio Blush IGT Veqon<br>Rouge: Les Pouilles, Cielo Sangiovese Primitivo IGT   <\/p><p><br><\/p>\n<table>\n<tbody>\n<tr>\n<td width=\"75%\">le verre<\/td><td>4,50\u20ac<\/td>\n<\/tr>\n<tr>\n<td>le 1\/4 litre<\/td><td>9,00\u20ac<\/td>\n<\/tr>\n<tr>\n<td>Le 1 \/2 litre<\/td><td>18,00\u20ac<\/td>\n<\/tr>\n<tr>\n<td>La bouteille<\/td><td>26,00\u20ac<\/td>\n<\/tr>\n<\/tbody>\n<\/table>\t\t\t\t\t\t\t\t<\/div>\n\t\t\t\t<\/div>\n\t\t\t\t<div class=\"elementor-element elementor-element-a09e5e0 elementor-widget elementor-widget-heading\" data-id=\"a09e5e0\" data-element_type=\"widget\" data-e-type=\"widget\" data-widget_type=\"heading.default\">\n\t\t\t\t<div class=\"elementor-widget-container\">\n\t\t\t\t\t<h2 class=\"elementor-heading-title elementor-size-default\">Vinabel<\/h2>\t\t\t\t<\/div>\n\t\t\t\t<\/div>\n\t\t\t\t<div class=\"elementor-element elementor-element-4fc64b7 elementor-widget elementor-widget-spacer\" data-id=\"4fc64b7\" data-element_type=\"widget\" data-e-type=\"widget\" data-widget_type=\"spacer.default\">\n\t\t\t\t<div class=\"elementor-widget-container\">\n\t\t\t\t\t\t\t<div class=\"elementor-spacer\">\n\t\t\t<div class=\"elementor-spacer-inner\"><\/div>\n\t\t<\/div>\n\t\t\t\t\t\t<\/div>\n\t\t\t\t<\/div>\n\t\t\t\t<div class=\"elementor-element elementor-element-b9929a6 elementor-align-center elementor-widget elementor-widget-button\" data-id=\"b9929a6\" data-element_type=\"widget\" data-e-type=\"widget\" data-widget_type=\"button.default\">\n\t\t\t\t<div class=\"elementor-widget-container\">\n\t\t\t\t\t\t\t\t\t<div class=\"elementor-button-wrapper\">\n\t\t\t\t\t<a class=\"elementor-button elementor-button-link elementor-size-sm\" href=\"https:\/\/lerestodesamis.be\/en\/le-resto-des-amis-restaurant-card\/\">\n\t\t\t\t\t\t<span class=\"elementor-button-content-wrapper\">\n\t\t\t\t\t\t\t\t\t<span class=\"elementor-button-text\">Our menu<\/span>\n\t\t\t\t\t<\/span>\n\t\t\t\t\t<\/a>\n\t\t\t\t<\/div>\n\t\t\t\t\t\t\t\t<\/div>\n\t\t\t\t<\/div>\n\t\t\t\t<div class=\"elementor-element elementor-element-f51feca elementor-widget elementor-widget-spacer\" data-id=\"f51feca\" data-element_type=\"widget\" data-e-type=\"widget\" data-widget_type=\"spacer.default\">\n\t\t\t\t<div class=\"elementor-widget-container\">\n\t\t\t\t\t\t\t<div class=\"elementor-spacer\">\n\t\t\t<div class=\"elementor-spacer-inner\"><\/div>\n\t\t<\/div>\n\t\t\t\t\t\t<\/div>\n\t\t\t\t<\/div>\n\t\t\t\t\t<\/div>\n\t\t\t\t<\/div>\n\t\t\t\t<\/div>\n\t\t","protected":false},"excerpt":{"rendered":"<p>Champagne Fine bubbles Champagne Brut Majeure Alaya 79,00\u20ac Wines The Whites Languedoc. Viognier Elisabeth Domaine de la Baume 27,00\u20ac Bordeaux, Terroir de Bordeaux Sup\u00e9rieur Bio Ch\u00e2teau Lamothe Barrou 27,00\u20ac Loire, Cheverny Domaine les Martines 29,00\u20ac Alsace, Pinot Gris Domaine Henri Kieffer 29,00\u20ac 37.5 Cl 17,00\u20ac Bourgogne, Macon Fuiss\u00e9 Domaine Fussiacus 39,00\u20ac 37.5 Cl 22,00\u20ac Bourgogne, [&hellip;]<\/p>\n","protected":false},"author":1,"featured_media":0,"parent":0,"menu_order":0,"comment_status":"closed","ping_status":"closed","template":"elementor_header_footer","meta":{"footnotes":""},"class_list":["post-343","page","type-page","status-publish","hentry"],"_links":{"self":[{"href":"https:\/\/lerestodesamis.be\/en\/wp-json\/wp\/v2\/pages\/343","targetHints":{"allow":["GET"]}}],"collection":[{"href":"https:\/\/lerestodesamis.be\/en\/wp-json\/wp\/v2\/pages"}],"about":[{"href":"https:\/\/lerestodesamis.be\/en\/wp-json\/wp\/v2\/types\/page"}],"author":[{"embeddable":true,"href":"https:\/\/lerestodesamis.be\/en\/wp-json\/wp\/v2\/users\/1"}],"replies":[{"embeddable":true,"href":"https:\/\/lerestodesamis.be\/en\/wp-json\/wp\/v2\/comments?post=343"}],"version-history":[{"count":6,"href":"https:\/\/lerestodesamis.be\/en\/wp-json\/wp\/v2\/pages\/343\/revisions"}],"predecessor-version":[{"id":553,"href":"https:\/\/lerestodesamis.be\/en\/wp-json\/wp\/v2\/pages\/343\/revisions\/553"}],"wp:attachment":[{"href":"https:\/\/lerestodesamis.be\/en\/wp-json\/wp\/v2\/media?parent=343"}],"curies":[{"name":"wp","href":"https:\/\/api.w.org\/{rel}","templated":true}]}}